{"id":130,"date":"2018-04-14T02:23:41","date_gmt":"2018-04-14T02:23:41","guid":{"rendered":"http:\/\/femdom.adrianapaulino.com\/?page_id=130"},"modified":"2020-12-04T19:36:15","modified_gmt":"2020-12-04T23:36:15","slug":"about","status":"publish","type":"page","link":"https:\/\/femdominicana.org\/es\/about\/","title":{"rendered":"Sobre Nosotros"},"content":{"rendered":"<div class=\"vc_row wpb_row vc_row-fluid vc_custom_1583947531519\"><div class=\"wpb_column vc_column_container vc_col-sm-12 vc_col-lg-offset-2 vc_col-lg-8\"><div class=\"vc_column-inner\"><div class=\"wpb_wrapper\">\n\t<div class=\"wpb_text_column wpb_content_element\">\n\t\t<div class=\"wpb_wrapper\">\n\t\t\t<p style=\"text-align: center\">Somos una asociaci\u00f3n sin fines de lucro incorporada por y para mujeres.  Apoyamos y empoderamos a la mujer joven dominicana de escasos recursos a alcanzar el potencial que posee. Creemos en el desarrollo y crecimiento de la sociedad con la participaci\u00f3n activa y preponderante de mujeres con formaci\u00f3n y valores, capaces de impactar de forma positiva a su n\u00facleo familiar, la comunidad a la que pertenecen y a la sociedad dominicana en general.<\/p>\n<p style=\"text-align: center\">Fomentamos la igualdad de g\u00e9nero respaldada por un plan integral de formaci\u00f3n a las mujeres dominicanas de escasos recursos y poca posibilidad de inserci\u00f3n laboral y participativa en nuestra sociedad.<\/p>\n<p style=\"text-align: center\">Nuestras labores abarcan desde la planificaci\u00f3n familiar, la formaci\u00f3n\nt\u00e9cnico profesional y el refuerzo de valores de la mujer como miembro indispensable de una sociedad en la que sepa defender su integridad, su capacidad participativa, la igualdad de oportunidades, sus derechos. Y sea capaz de romper todo paradigma y falso estereotipo que la relegan a un rol secundario.<\/p>\n\n\t\t<\/div>\n\t<\/div>\n<\/div><\/div><\/div><\/div><div class=\"vc_row wpb_row vc_row-fluid vc_custom_1554932438487\"><div class=\"wpb_column vc_column_container vc_col-sm-12 vc_col-lg-offset-2 vc_col-lg-8\"><div class=\"vc_column-inner\"><div class=\"wpb_wrapper\"><div class=\"red-single-video\" style=\"background-image:url(https:\/\/femdominicana.org\/wp-content\/uploads\/2019\/04\/img-video.jpg); background-size:cover;\"><a href=\"https:\/\/femdominicana.org\/wp-content\/uploads\/2019\/04\/vid-femdom.mp4\" class=\"red_video red-video-popup play text-center\"><i class=\"flaticon-play-button-1\"><\/i><\/a><\/div><\/div><\/div><\/div><\/div><div class=\"vc_row wpb_row vc_row-fluid vc_custom_1552063761760 space-45\"><div class=\"wpb_column vc_column_container vc_col-sm-6\"><div class=\"vc_column-inner\"><div class=\"wpb_wrapper\"><h2 style=\"text-align: inherit\" class=\"vc_custom_heading fem-subtitle\" >Misi\u00f3n<\/h2>\n\t<div class=\"wpb_text_column wpb_content_element\">\n\t\t<div class=\"wpb_wrapper\">\n\t\t\t<p>Empoderar a la mujer joven Dominicana de escasos recursos a planificarse en el \u00e1mbito personal  y profesional mediante el dise\u00f1o e implementaci\u00f3n de proyectos que garanticen un futuro sostenible.<\/p>\n\n\t\t<\/div>\n\t<\/div>\n<\/div><\/div><\/div><div class=\"wpb_column vc_column_container vc_col-sm-6\"><div class=\"vc_column-inner\"><div class=\"wpb_wrapper\"><h2 style=\"text-align: inherit\" class=\"vc_custom_heading fem-subtitle\" >Visi\u00f3n<\/h2>\n\t<div class=\"wpb_text_column wpb_content_element\">\n\t\t<div class=\"wpb_wrapper\">\n\t\t\t<p><strong>FEM Dominicana<\/strong> imagina un futuro donde todas las mujeres dominicanas tienen las herramientas para controlar su futuro. Cuando empoderamos a las mujeres j\u00f3venes, invertimos en cambiar no solo a una persona, sino tambi\u00e9n a una familia, una comunidad,  una generaci\u00f3n completa, mientras ayudamos a romper el ciclo de la pobreza.<\/p>\n\n\t\t<\/div>\n\t<\/div>\n<\/div><\/div><\/div><\/div><div data-vc-full-width=\"true\" data-vc-full-width-init=\"false\" class=\"vc_row wpb_row vc_row-fluid vc_custom_1607121458676 vc_row-has-fill\"><div class=\"wpb_column vc_column_container vc_col-sm-12 vc_col-lg-offset-2 vc_col-lg-8\"><div class=\"vc_column-inner\"><div class=\"wpb_wrapper\"><div class=\"red-heading fem-nospacing layout-default text-center\"><h2 class=\"heading\" style=\"font-size: 36px;line-height: 40px\"><span class=\"style1\">Llevamos a cabo nuestro Objetivo con <\/span> <span class=\"style1 primary-color\">tres componentes integrales <\/span> <span class=\"style1\">de nuestro programa: <\/span> <span class=\"style1 primary-color\">Educaci\u00f3n, Empoderamiento y Equidad.<\/span> <\/h2><\/div><\/div><\/div><\/div><\/div><div class=\"vc_row-full-width vc_clearfix\"><\/div><div class=\"vc_row wpb_row vc_row-fluid vc_custom_1552064400238 space-45\"><div class=\"wpb_column vc_column_container vc_col-sm-12 vc_col-lg-4 vc_col-md-4\"><div class=\"vc_column-inner vc_custom_1529917032042\"><div class=\"wpb_wrapper\">\n\t<div  class=\"wpb_single_image wpb_content_element vc_align_center\">\n\t\t\n\t\t<figure class=\"wpb_wrapper vc_figure\">\n\t\t\t<div class=\"vc_single_image-wrapper   vc_box_border_grey\"><img width=\"120\" height=\"120\" src=\"https:\/\/femdominicana.org\/wp-content\/uploads\/2019\/03\/icon-education.png\" class=\"vc_single_image-img attachment-full\" alt=\"\" loading=\"lazy\" \/><\/div>\n\t\t<\/figure>\n\t<\/div>\n<div class=\"red-heading vc_custom_1552657602270 layout-default text-center\"><h2 class=\"heading\"><span class=\"style1 primary-color\">Educaci\u00f3n:<\/span> <\/h2><h3 class=\"sub-heading\"><span class=\"style1\">Servicios de apoyo y concientizaci\u00f3n<\/span> <\/h3><\/div>\n\t<div class=\"wpb_text_column wpb_content_element\">\n\t\t<div class=\"wpb_wrapper\">\n\t\t\t<ul>\n<li>Crear <strong>conciencia<\/strong> sobre los desaf\u00edos que afectan a la mujer dominicana.<\/li>\n<li>Implementaci\u00f3n de iniciativas que promueven la planificaci\u00f3n familiar, educaci\u00f3n profesional, capacitaci\u00f3n laboral y <strong>servicios de apoyo.<\/strong>.<\/li>\n<\/ul>\n\n\t\t<\/div>\n\t<\/div>\n<\/div><\/div><\/div><div class=\"wpb_column vc_column_container vc_col-sm-12 vc_col-lg-4 vc_col-md-4\"><div class=\"vc_column-inner vc_custom_1529917038735\"><div class=\"wpb_wrapper\">\n\t<div  class=\"wpb_single_image wpb_content_element vc_align_center\">\n\t\t\n\t\t<figure class=\"wpb_wrapper vc_figure\">\n\t\t\t<div class=\"vc_single_image-wrapper   vc_box_border_grey\"><img width=\"120\" height=\"120\" src=\"https:\/\/femdominicana.org\/wp-content\/uploads\/2019\/03\/icon-empowerment.png\" class=\"vc_single_image-img attachment-full\" alt=\"\" loading=\"lazy\" \/><\/div>\n\t\t<\/figure>\n\t<\/div>\n<div class=\"red-heading vc_custom_1552657616356 layout-default text-center\"><h2 class=\"heading\"><span class=\"style1 primary-color\">Empoderamiento:<\/span> <\/h2><h3 class=\"sub-heading\"><span class=\"style1\">Mentor\u00eda y Liderazgo<\/span> <\/h3><\/div>\n\t<div class=\"wpb_text_column wpb_content_element\">\n\t\t<div class=\"wpb_wrapper\">\n\t\t\t<ul>\n<li>Ampliar el <strong>llamado a la acci\u00f3n,<\/strong> promover y fortalecer las iniciativas que empoderan a la mujer de escasos recursos\/desfavorecidas a ser m\u00e1s autosuficiente.<\/li>\n<li>Fomentar el <strong>llamado de acci\u00f3n<\/strong> e involucramiento en iniciativas que empoderen a las mujeres marginadas a autosuperarse.<\/li>\n<\/ul>\n\n\t\t<\/div>\n\t<\/div>\n<\/div><\/div><\/div><div class=\"wpb_column vc_column_container vc_col-sm-12 vc_col-lg-4 vc_col-md-4\"><div class=\"vc_column-inner vc_custom_1529917046774\"><div class=\"wpb_wrapper\">\n\t<div  class=\"wpb_single_image wpb_content_element vc_align_center\">\n\t\t\n\t\t<figure class=\"wpb_wrapper vc_figure\">\n\t\t\t<div class=\"vc_single_image-wrapper   vc_box_border_grey\"><img width=\"120\" height=\"120\" src=\"https:\/\/femdominicana.org\/wp-content\/uploads\/2019\/03\/icon-equality.png\" class=\"vc_single_image-img attachment-full\" alt=\"\" loading=\"lazy\" \/><\/div>\n\t\t<\/figure>\n\t<\/div>\n<div class=\"red-heading vc_custom_1552657630491 layout-default text-center\"><h2 class=\"heading\"><span class=\"style1 primary-color\">Igualdad:<\/span> <\/h2><h3 class=\"sub-heading\"><span class=\"style1\">Acceso y creaci\u00f3n de enlaces <\/span> <\/h3><\/div>\n\t<div class=\"wpb_text_column wpb_content_element\">\n\t\t<div class=\"wpb_wrapper\">\n\t\t\t<ul>\n<li>Brindar igualdad y <strong>acceso a las herramientas adecuadas<\/strong> que mejoran el control de las mujeres sobre su propio futuro. Nivelar el campo de juego con respecto al acceso a tales herramientas en las comunidades donde esto carece.<\/li>\n<li>Aumentar la <strong>equidad y el acceso a herramientas<\/strong> que ayudan a las mujeres a controlar su futuro.<\/li>\n<\/ul>\n\n\t\t<\/div>\n\t<\/div>\n<\/div><\/div><\/div><\/div><div id=\"Team\" class=\"vc_row wpb_row vc_row-fluid vc_custom_1607117884015\"><div class=\"wpb_column vc_column_container vc_col-sm-12\"><div class=\"vc_column-inner\"><div class=\"wpb_wrapper\"><div class=\"vc_separator wpb_content_element vc_separator_align_center vc_sep_width_100 vc_sep_pos_align_center vc_separator_no_text vc_sep_color_grey vc_custom_1552065001995  vc_custom_1552065001995\" ><span class=\"vc_sep_holder vc_sep_holder_l\"><span  class=\"vc_sep_line\"><\/span><\/span><span class=\"vc_sep_holder vc_sep_holder_r\"><span  class=\"vc_sep_line\"><\/span><\/span>\n<\/div><div class=\"red-heading fem-uppercase vc_custom_1552657673648 layout-1 text-center\"><h2 class=\"heading\" style=\"font-size: 45px;line-height: 50px\"><span class=\"style1\">Nuestro <\/span> <span class=\"style1 primary-color\">Equipo<\/span> <\/h2><span class=\"ver-icon\"><span><\/span><span><\/span><span class=\"y2\"><\/span><span><\/span><span><\/span><\/span><\/div><div class=\"red-team-wrap red-owl-wrap 1607123622772-e340886a-6fa4\">\n        <div id=\"1607123622772-e340886a-6fa4\" class=\"layout-1 red-grid row\"> \n                        <div class=\"red-carousel-item-wrap col-sm-12 col-md-6 col-lg-4 col-xl-4\" data-dot='<img width=\"100\" height=\"100\" src=\"https:\/\/femdominicana.org\/wp-content\/uploads\/2020\/12\/Lizzie_Benson-370x370.jpg\" class=\"avatar img-circle\" alt=\"\" loading=\"lazy\" \/>'>\n                                <div class=\"red-carousel-item red-team-item overlay-wrap\">\n                <div class=\"red-team-media\"><img width=\"720\" height=\"1000\" src=\"https:\/\/femdominicana.org\/wp-content\/uploads\/2020\/12\/Lizzie_Benson.jpg\" class=\"team-image attachment-full\" alt=\"\" loading=\"lazy\" \/><\/div><div class=\"red-team-info\"><div class=\"red-team-info-header\"><h5>Lizzie Benson: Asociado Fundador<\/h5><div class=\"position\">Dise\u00f1o y Planificaci\u00f3n de Programas<\/div><\/div><div class=\"red-social colored-text\"><\/div><\/div>                <\/div>\n                                <\/div>\n                                <div class=\"red-carousel-item-wrap col-sm-12 col-md-6 col-lg-4 col-xl-4\" data-dot='<img width=\"100\" height=\"100\" src=\"https:\/\/femdominicana.org\/wp-content\/uploads\/2020\/12\/Aida_Dominguez-370x370.jpg\" class=\"avatar img-circle\" alt=\"\" loading=\"lazy\" \/>'>\n                                <div class=\"red-carousel-item red-team-item overlay-wrap\">\n                <div class=\"red-team-media\"><img width=\"720\" height=\"1000\" src=\"https:\/\/femdominicana.org\/wp-content\/uploads\/2020\/12\/Aida_Dominguez.jpg\" class=\"team-image attachment-full\" alt=\"\" loading=\"lazy\" \/><\/div><div class=\"red-team-info\"><div class=\"red-team-info-header\"><h5>Aida Dominguez: Asociado Fundador <\/h5><div class=\"position\">Abogada<\/div><\/div><div class=\"red-social colored-text\"><\/div><\/div>                <\/div>\n                                <\/div>\n                                <div class=\"red-carousel-item-wrap col-sm-12 col-md-6 col-lg-4 col-xl-4\" data-dot='<img width=\"100\" height=\"100\" src=\"https:\/\/femdominicana.org\/wp-content\/uploads\/2020\/12\/Gloria_Benson-370x370.jpg\" class=\"avatar img-circle\" alt=\"\" loading=\"lazy\" \/>'>\n                                <div class=\"red-carousel-item red-team-item overlay-wrap\">\n                <div class=\"red-team-media\"><img width=\"720\" height=\"1000\" src=\"https:\/\/femdominicana.org\/wp-content\/uploads\/2020\/12\/Gloria_Benson.jpg\" class=\"team-image attachment-full\" alt=\"\" loading=\"lazy\" \/><\/div><div class=\"red-team-info\"><div class=\"red-team-info-header\"><h5>Gloria Benson, Asociado Fundador  <\/h5><div class=\"position\">Encargada de Programas y Voluntariado<\/div><\/div><div class=\"red-social colored-text\"><\/div><\/div>                <\/div>\n                                <\/div>\n                                <div class=\"red-carousel-item-wrap col-sm-12 col-md-6 col-lg-4 col-xl-4\" data-dot='<img width=\"100\" height=\"100\" src=\"https:\/\/femdominicana.org\/wp-content\/uploads\/2020\/12\/Chiara_Viyella-370x370.jpg\" class=\"avatar img-circle\" alt=\"\" loading=\"lazy\" \/>'>\n                                <div class=\"red-carousel-item red-team-item overlay-wrap\">\n                <div class=\"red-team-media\"><img width=\"720\" height=\"1000\" src=\"https:\/\/femdominicana.org\/wp-content\/uploads\/2020\/12\/Chiara_Viyella.jpg\" class=\"team-image attachment-full\" alt=\"\" loading=\"lazy\" \/><\/div><div class=\"red-team-info\"><div class=\"red-team-info-header\"><h5>Chiara Viyella, Asociado Fundador<\/h5><div class=\"position\">Encargada Administrativa y Financiera<\/div><\/div><div class=\"red-social colored-text\"><\/div><\/div>                <\/div>\n                                <\/div>\n                                <div class=\"red-carousel-item-wrap col-sm-12 col-md-6 col-lg-4 col-xl-4\" data-dot='<img width=\"100\" height=\"100\" src=\"https:\/\/femdominicana.org\/wp-content\/uploads\/2020\/12\/Monika_Lesschorn-370x370.jpg\" class=\"avatar img-circle\" alt=\"\" loading=\"lazy\" \/>'>\n                                <div class=\"red-carousel-item red-team-item overlay-wrap\">\n                <div class=\"red-team-media\"><img width=\"720\" height=\"1000\" src=\"https:\/\/femdominicana.org\/wp-content\/uploads\/2020\/12\/Monika_Lesschorn.jpg\" class=\"team-image attachment-full\" alt=\"\" loading=\"lazy\" \/><\/div><div class=\"red-team-info\"><div class=\"red-team-info-header\"><h5>Monika Lesschorn, Asociado Fundador<\/h5><div class=\"position\">Encargada de  Imagen y Comunicaci\u00f3n<\/div><\/div><div class=\"red-social colored-text\"><\/div><\/div>                <\/div>\n                                <\/div>\n                                <div class=\"red-carousel-item-wrap col-sm-12 col-md-6 col-lg-4 col-xl-4\" data-dot='<img width=\"100\" height=\"100\" src=\"https:\/\/femdominicana.org\/wp-content\/uploads\/2020\/12\/Yamilka_de_los_Santos-370x370.jpg\" class=\"avatar img-circle\" alt=\"\" loading=\"lazy\" \/>'>\n                                <div class=\"red-carousel-item red-team-item overlay-wrap\">\n                <div class=\"red-team-media\"><img width=\"720\" height=\"1000\" src=\"https:\/\/femdominicana.org\/wp-content\/uploads\/2020\/12\/Yamilka_de_los_Santos.jpg\" class=\"team-image attachment-full\" alt=\"\" loading=\"lazy\" \/><\/div><div class=\"red-team-info\"><div class=\"red-team-info-header\"><h5>Yamilka de los Santos<\/h5><div class=\"position\">Beneficiaria y Multiplicadora<\/div><\/div><div class=\"red-social colored-text\"><\/div><\/div>                <\/div>\n                                <\/div>\n                    <\/div>\n    <\/div>\n<div class=\"vc_empty_space\"   style=\"height: 60px\" ><span class=\"vc_empty_space_inner\"><\/span><\/div>\n\n\t<div  class=\"wpb_single_image wpb_content_element vc_align_left\">\n\t\t\n\t\t<figure class=\"wpb_wrapper vc_figure\">\n\t\t\t<div class=\"vc_single_image-wrapper vc_box_rounded  vc_box_border_grey\"><img width=\"1920\" height=\"1080\" src=\"https:\/\/femdominicana.org\/wp-content\/uploads\/2020\/12\/img-voluntarios.jpg\" class=\"vc_single_image-img attachment-full\" alt=\"\" loading=\"lazy\" srcset=\"https:\/\/femdominicana.org\/wp-content\/uploads\/2020\/12\/img-voluntarios.jpg 1920w, https:\/\/femdominicana.org\/wp-content\/uploads\/2020\/12\/img-voluntarios-768x432.jpg 768w, https:\/\/femdominicana.org\/wp-content\/uploads\/2020\/12\/img-voluntarios-1536x864.jpg 1536w, https:\/\/femdominicana.org\/wp-content\/uploads\/2020\/12\/img-voluntarios-16x9.jpg 16w\" sizes=\"(max-width: 1920px) 100vw, 1920px\" \/><\/div>\n\t\t<\/figure>\n\t<\/div>\n<div class=\"red-heading vc_custom_1607124972995 layout-default text-center\"><h3 class=\"sub-heading\" style=\"line-height: 40px\"><span class=\"style1\">Voluntarios:<\/span> <\/h3><div class=\"desccription\">Luc\u00eda Bautista<br \/>\nPriscila Nicolas<br \/>\nMiguel Nesrala<br \/>\nGary Mej\u00eda<br \/>\nUlises Borrell<br \/>\nLorena Cabrera Bruga<br \/>\nAna Virginia Garc\u00eda<br \/>\nPatricia Jimenez<\/div><\/div><\/div><\/div><\/div><\/div>","protected":false},"excerpt":{"rendered":"We are a non-profit association incorporated by and for women. We support and empower young Dominican women with limited resources to reach their potential. We believe in the development and growth of society with the","protected":false},"author":1,"featured_media":0,"parent":0,"menu_order":2,"comment_status":"closed","ping_status":"closed","template":"","meta":{"ngg_post_thumbnail":0},"_links":{"self":[{"href":"https:\/\/femdominicana.org\/es\/wp-json\/wp\/v2\/pages\/130"}],"collection":[{"href":"https:\/\/femdominicana.org\/es\/wp-json\/wp\/v2\/pages"}],"about":[{"href":"https:\/\/femdominicana.org\/es\/wp-json\/wp\/v2\/types\/page"}],"author":[{"embeddable":true,"href":"https:\/\/femdominicana.org\/es\/wp-json\/wp\/v2\/users\/1"}],"replies":[{"embeddable":true,"href":"https:\/\/femdominicana.org\/es\/wp-json\/wp\/v2\/comments?post=130"}],"version-history":[{"count":6,"href":"https:\/\/femdominicana.org\/es\/wp-json\/wp\/v2\/pages\/130\/revisions"}],"predecessor-version":[{"id":2252,"href":"https:\/\/femdominicana.org\/es\/wp-json\/wp\/v2\/pages\/130\/revisions\/2252"}],"wp:attachment":[{"href":"https:\/\/femdominicana.org\/es\/wp-json\/wp\/v2\/media?parent=130"}],"curies":[{"name":"wp","href":"https:\/\/api.w.org\/{rel}","templated":true}]}}