{"id":1537,"date":"2019-03-07T15:30:54","date_gmt":"2019-03-07T19:30:54","guid":{"rendered":"http:\/\/femdom.adrianapaulino.com\/?page_id=1537"},"modified":"2019-03-28T09:34:24","modified_gmt":"2019-03-28T13:34:24","slug":"contact","status":"publish","type":"page","link":"https:\/\/femdominicana.org\/es\/contact\/","title":{"rendered":"Contacto"},"content":{"rendered":"<div class=\"vc_row wpb_row vc_row-fluid space-45\"><div class=\"wpb_column vc_column_container vc_col-sm-6\"><div class=\"vc_column-inner\"><div class=\"wpb_wrapper\"><h2 style=\"text-align: inherit\" class=\"vc_custom_heading fem-subtitle\" >M\u00e1ndanos un mensaje<\/h2>\n\t<div class=\"wpb_text_column wpb_content_element  vc_custom_1553780060082\">\n\t\t<div class=\"wpb_wrapper\">\n\t\t\t<p>A continuaci\u00f3n puede encontrar un m\u00e9todo para ponerse en contacto con nosotros. Reg\u00edstrese para recibir actualizaciones peri\u00f3dicas sobre el trabajo de FEM Dominicana y obtenga m\u00e1s informaci\u00f3n sobre qu\u00e9 hacer y c\u00f3mo puede participar.<\/p>\n\n\t\t<\/div>\n\t<\/div>\n<div role=\"form\" class=\"wpcf7\" id=\"wpcf7-f6-o1\" lang=\"en-US\" dir=\"ltr\">\n<div class=\"screen-reader-response\"><p role=\"status\" aria-live=\"polite\" aria-atomic=\"true\"><\/p> <ul><\/ul><\/div>\n<form action=\"\/es\/wp-json\/wp\/v2\/pages\/1537#wpcf7-f6-o1\" method=\"post\" class=\"wpcf7-form init\" novalidate=\"novalidate\" data-status=\"init\" data-trp-original-action=\"\/es\/wp-json\/wp\/v2\/pages\/1537#wpcf7-f6-o1\">\n<div style=\"display: none;\">\n<input type=\"hidden\" name=\"_wpcf7\" value=\"6\" \/>\n<input type=\"hidden\" name=\"_wpcf7_version\" value=\"5.3\" \/>\n<input type=\"hidden\" name=\"_wpcf7_locale\" value=\"en_US\" \/>\n<input type=\"hidden\" name=\"_wpcf7_unit_tag\" value=\"wpcf7-f6-o1\" \/>\n<input type=\"hidden\" name=\"_wpcf7_container_post\" value=\"0\" \/>\n<input type=\"hidden\" name=\"_wpcf7_posted_data_hash\" value=\"\" \/>\n<\/div>\n<p><span class=\"wpcf7-form-control-wrap your-name\"><input type=\"text\" name=\"your-name\" value=\"\" size=\"40\" class=\"wpcf7-form-control wpcf7-text wpcf7-validates-as-required field-name\" aria-required=\"true\" aria-invalid=\"false\" placeholder=\"Nombre\" \/><\/span> <\/p>\n<p><span class=\"wpcf7-form-control-wrap your-email\"><input type=\"email\" name=\"your-email\" value=\"\" size=\"40\" class=\"wpcf7-form-control wpcf7-text wpcf7-email wpcf7-validates-as-required wpcf7-validates-as-email field-email\" aria-required=\"true\" aria-invalid=\"false\" placeholder=\"Correo electr\u00f3nico\" \/><\/span> <\/p>\n<p><span class=\"wpcf7-form-control-wrap your-phone\"><input type=\"text\" name=\"your-phone\" value=\"\" size=\"40\" class=\"wpcf7-form-control wpcf7-text field-phone\" aria-invalid=\"false\" placeholder=\"Tel\u00e9fono\" \/><\/span> <\/p>\n<p><span class=\"wpcf7-form-control-wrap your-message\"><textarea name=\"your-message\" cols=\"100\" rows=\"6\" class=\"wpcf7-form-control wpcf7-textarea field-message\" aria-invalid=\"false\" placeholder=\"Mensaje\"><\/textarea><\/span> <\/p>\n<p class=\"btn-send text-right\"><input type=\"submit\" value=\"Enviar\" class=\"wpcf7-form-control wpcf7-submit btn btn-default\" \/><\/p>\n<div class=\"wpcf7-response-output\" aria-hidden=\"true\"><\/div><input type=\"hidden\" name=\"trp-form-language\" value=\"es\"\/><\/form><\/div><\/div><\/div><\/div><div class=\"wpb_column vc_column_container vc_col-sm-6\"><div class=\"vc_column-inner vc_custom_1528948525743\"><div class=\"wpb_wrapper\">\n\t<div  class=\"wpb_single_image wpb_content_element vc_align_left\">\n\t\t\n\t\t<figure class=\"wpb_wrapper vc_figure\">\n\t\t\t<div class=\"vc_single_image-wrapper   vc_box_border_grey\"><img width=\"1120\" height=\"1300\" src=\"https:\/\/femdominicana.org\/wp-content\/uploads\/2019\/03\/img-contact.jpg\" class=\"vc_single_image-img attachment-full\" alt=\"\" loading=\"lazy\" srcset=\"https:\/\/femdominicana.org\/wp-content\/uploads\/2019\/03\/img-contact.jpg 1120w, https:\/\/femdominicana.org\/wp-content\/uploads\/2019\/03\/img-contact-768x891.jpg 768w\" sizes=\"(max-width: 1120px) 100vw, 1120px\" \/><\/div>\n\t\t<\/figure>\n\t<\/div>\n<\/div><\/div><\/div><\/div>","protected":false},"excerpt":{"rendered":"Send us a message Below you can find a method of getting in contact with us, \u00a0sign up to receive regular updates on FEM Dominicana's work, and learn more about what do and how you","protected":false},"author":1,"featured_media":0,"parent":0,"menu_order":9,"comment_status":"closed","ping_status":"closed","template":"","meta":{"ngg_post_thumbnail":0},"_links":{"self":[{"href":"https:\/\/femdominicana.org\/es\/wp-json\/wp\/v2\/pages\/1537"}],"collection":[{"href":"https:\/\/femdominicana.org\/es\/wp-json\/wp\/v2\/pages"}],"about":[{"href":"https:\/\/femdominicana.org\/es\/wp-json\/wp\/v2\/types\/page"}],"author":[{"embeddable":true,"href":"https:\/\/femdominicana.org\/es\/wp-json\/wp\/v2\/users\/1"}],"replies":[{"embeddable":true,"href":"https:\/\/femdominicana.org\/es\/wp-json\/wp\/v2\/comments?post=1537"}],"version-history":[{"count":6,"href":"https:\/\/femdominicana.org\/es\/wp-json\/wp\/v2\/pages\/1537\/revisions"}],"predecessor-version":[{"id":2058,"href":"https:\/\/femdominicana.org\/es\/wp-json\/wp\/v2\/pages\/1537\/revisions\/2058"}],"wp:attachment":[{"href":"https:\/\/femdominicana.org\/es\/wp-json\/wp\/v2\/media?parent=1537"}],"curies":[{"name":"wp","href":"https:\/\/api.w.org\/{rel}","templated":true}]}}