{"id":1619,"date":"2019-03-08T10:22:11","date_gmt":"2019-03-08T14:22:11","guid":{"rendered":"http:\/\/femdom.adrianapaulino.com\/?page_id=1619"},"modified":"2020-03-12T09:11:18","modified_gmt":"2020-03-12T13:11:18","slug":"programs","status":"publish","type":"page","link":"https:\/\/femdominicana.org\/es\/programs\/","title":{"rendered":"C\u00f3mo logramos esto"},"content":{"rendered":"<div class=\"vc_row wpb_row vc_row-fluid vc_custom_1581173415883 space-45\"><div class=\"wpb_column vc_column_container vc_col-sm-4\"><div class=\"vc_column-inner vc_custom_1553524739645\"><div class=\"wpb_wrapper\"><div class=\"vc_row wpb_row vc_inner vc_row-fluid fem-program-title vc_custom_1569076915980 vc_row-has-fill\"><div class=\"parallax_overlay\" style=\"background-color:rgba(0,0,0,0.4)\"><\/div><div class=\"wpb_column vc_column_container vc_col-sm-12\"><div class=\"vc_column-inner\"><div class=\"wpb_wrapper\"><div class=\"red-heading vc_custom_1569076865357 layout-1 text-center\"><h2 class=\"heading\"><span class=\"style1\">Programa de planificaci\u00f3n familiar<\/span> <\/h2><span class=\"ver-icon\"><span><\/span><span><\/span><span class=\"y2\"><\/span><span><\/span><span><\/span><\/span><\/div><\/div><\/div><\/div><\/div>\n\t<div class=\"wpb_text_column wpb_content_element\">\n\t\t<div class=\"wpb_wrapper\">\n\t\t\t<p>Su objetivo es eliminar las barreras financieras a la anticoncepci\u00f3n de elecci\u00f3n, promover los m\u00e9todos anticonceptivos m\u00e1s efectivos y reducir el embarazo no deseado. A trav\u00e9s de las siguientes actividades:<\/p>\n<ul>\n<li>Asociaci\u00f3n con cl\u00ednicas de salud m\u00e9dica que brindan educaci\u00f3n en salud reproductiva y servicios de planificaci\u00f3n familiar para beneficiarios con necesidades.<\/li>\n<li>Brindar apoyo financiero para el acceso a los m\u00e9todos anticonceptivos de elecci\u00f3n, al tiempo que promueve anticonceptivos activos y reversibles.<\/li>\n<li>Llevar a cabo talleres de salud reproductiva \/ planificaci\u00f3n familiar en comunidades espec\u00edficas donde hace falta.<\/li>\n<\/ul>\n\n\t\t<\/div>\n\t<\/div>\n<\/div><\/div><\/div><div class=\"wpb_column vc_column_container vc_col-sm-4\"><div class=\"vc_column-inner vc_custom_1553524745155\"><div class=\"wpb_wrapper\"><div class=\"vc_row wpb_row vc_inner vc_row-fluid fem-program-title vc_custom_1569076932587 vc_row-has-fill\"><div class=\"parallax_overlay\" style=\"background-color:rgba(0,0,0,0.4)\"><\/div><div class=\"wpb_column vc_column_container vc_col-sm-12\"><div class=\"vc_column-inner\"><div class=\"wpb_wrapper\"><div class=\"red-heading vc_custom_1569076857806 layout-1 text-center\"><h2 class=\"heading\"><span class=\"style1\">Creaci\u00f3n de capacidad y educaci\u00f3n t\u00e9cnica<\/span> <\/h2><span class=\"ver-icon\"><span><\/span><span><\/span><span class=\"y2\"><\/span><span><\/span><span><\/span><\/span><\/div><\/div><\/div><\/div><\/div>\n\t<div class=\"wpb_text_column wpb_content_element\">\n\t\t<div class=\"wpb_wrapper\">\n\t\t\t<ul>\n<li>Brindar acceso a la capacitaci\u00f3n y a los cursos de educaci\u00f3n t\u00e9cnica que mejorar\u00e1n las oportunidades de empleo para los beneficiarios.<\/li>\n<li>Promover la inscripci\u00f3n de beneficiarios en cursos de INFOTEP relacionados con su \u00e1rea de inter\u00e9s.<\/li>\n<li>Proporcionar ayuda financiera para cubrir los costos de materiales y los costos de transporte en casos espec\u00edficos.<\/li>\n<\/ul>\n\n\t\t<\/div>\n\t<\/div>\n<\/div><\/div><\/div><div class=\"wpb_column vc_column_container vc_col-sm-4\"><div class=\"vc_column-inner\"><div class=\"wpb_wrapper\"><div class=\"vc_row wpb_row vc_inner vc_row-fluid fem-program-title vc_custom_1569076947998 vc_row-has-fill\"><div class=\"parallax_overlay\" style=\"background-color:rgba(0,0,0,0.4)\"><\/div><div class=\"wpb_column vc_column_container vc_col-sm-12\"><div class=\"vc_column-inner\"><div class=\"wpb_wrapper\"><div class=\"red-heading vc_custom_1569076848931 layout-1 text-center\"><h2 class=\"heading\"><span class=\"style1\">Mentor\u00eda FEM<\/span> <\/h2><span class=\"ver-icon\"><span><\/span><span><\/span><span class=\"y2\"><\/span><span><\/span><span><\/span><\/span><\/div><\/div><\/div><\/div><\/div>\n\t<div class=\"wpb_text_column wpb_content_element\">\n\t\t<div class=\"wpb_wrapper\">\n\t\t\t<ul>\n<li>Proporcionar relaciones de mentor\u00eda personalizadas a los beneficiarios con miembros capacitados de FEM.<\/li>\n<li>Cerrar la brecha entre mujeres de diferentes antecedentes econ\u00f3micos para promover el empoderamiento transversal.<\/li>\n<li>Relacionar a los mentores de FEM con los acad\u00e9micos de FEM para promover el \"plan de vida\" como herramienta para el empoderamiento personal.<\/li>\n<li>Realizar eventos de red de mentores FEM que se centren en el desarrollo de habilidades.<\/li>\n<\/ul>\n\n\t\t<\/div>\n\t<\/div>\n<\/div><\/div><\/div><\/div><div class=\"vc_row wpb_row vc_row-fluid vc_custom_1581173425745\"><div class=\"wpb_column vc_column_container vc_col-sm-12 vc_col-lg-offset-2 vc_col-lg-8\"><div class=\"vc_column-inner\"><div class=\"wpb_wrapper\"><div class=\"red-single-video\" style=\"background-image:url(https:\/\/femdominicana.org\/wp-content\/uploads\/2020\/02\/img-video-resumen.jpg); background-size:cover;\"><a href=\"https:\/\/femdominicana.org\/wp-content\/uploads\/2020\/02\/fem-video-resumen.mp4\" class=\"red_video red-video-popup play text-center\"><i class=\"flaticon-play-button-1\"><\/i><\/a><\/div><\/div><\/div><\/div><\/div><div data-vc-full-width=\"true\" data-vc-full-width-init=\"false\" data-vc-parallax=\"1.5\" data-vc-parallax-image=\"https:\/\/femdominicana.org\/wp-content\/uploads\/2019\/09\/img-programs-quote.jpg\" class=\"vc_row wpb_row vc_row-fluid vc_custom_1569078216524 vc_row-has-fill vc_general vc_parallax vc_parallax-fixed js-vc_parallax-o-fixed\"><div class=\"parallax_overlay\" style=\"background-color:rgba(0,0,0,0.6)\"><\/div><div class=\"wpb_column vc_column_container vc_col-sm-12 vc_col-lg-offset-2 vc_col-lg-8\"><div class=\"vc_column-inner\"><div class=\"wpb_wrapper\"><div class=\"red-heading fem-nospacing layout-default text-center\"><h2 class=\"heading\" style=\"font-size: 45px;color: #ffffff;line-height: 50px\"><span class=\"style1\" style=\"color:#ffffff\">Toda mujer, sin importar donde haya nacido, <\/span> <span class=\"style1 primary-color\">tiene derecho a alcanzar el potencial que posee.<\/span> <\/h2><\/div><\/div><\/div><\/div><\/div><div class=\"vc_row-full-width vc_clearfix\"><\/div>","protected":false},"excerpt":{"rendered":"FAMILY PLANNING PROGRAM Aims to remove the financial barriers to contraception of choice, promote the most effective methods of birth control, and reduce unintended pregnancy. Through the following activities: Partnership with medical health clinics that","protected":false},"author":1,"featured_media":0,"parent":0,"menu_order":3,"comment_status":"closed","ping_status":"closed","template":"","meta":{"ngg_post_thumbnail":0},"_links":{"self":[{"href":"https:\/\/femdominicana.org\/es\/wp-json\/wp\/v2\/pages\/1619"}],"collection":[{"href":"https:\/\/femdominicana.org\/es\/wp-json\/wp\/v2\/pages"}],"about":[{"href":"https:\/\/femdominicana.org\/es\/wp-json\/wp\/v2\/types\/page"}],"author":[{"embeddable":true,"href":"https:\/\/femdominicana.org\/es\/wp-json\/wp\/v2\/users\/1"}],"replies":[{"embeddable":true,"href":"https:\/\/femdominicana.org\/es\/wp-json\/wp\/v2\/comments?post=1619"}],"version-history":[{"count":6,"href":"https:\/\/femdominicana.org\/es\/wp-json\/wp\/v2\/pages\/1619\/revisions"}],"predecessor-version":[{"id":2163,"href":"https:\/\/femdominicana.org\/es\/wp-json\/wp\/v2\/pages\/1619\/revisions\/2163"}],"wp:attachment":[{"href":"https:\/\/femdominicana.org\/es\/wp-json\/wp\/v2\/media?parent=1619"}],"curies":[{"name":"wp","href":"https:\/\/api.w.org\/{rel}","templated":true}]}}