{"id":1776,"date":"2019-03-09T19:32:01","date_gmt":"2019-03-09T23:32:01","guid":{"rendered":"http:\/\/femdom.adrianapaulino.com\/?page_id=1776"},"modified":"2020-03-12T09:43:40","modified_gmt":"2020-03-12T13:43:40","slug":"partners","status":"publish","type":"page","link":"https:\/\/femdominicana.org\/es\/partners\/","title":{"rendered":"Nuestras Alianzas"},"content":{"rendered":"<div data-vc-full-width=\"true\" data-vc-full-width-init=\"false\" class=\"vc_row wpb_row vc_row-fluid vc_custom_1553009275263 vc_row-has-fill\"><div class=\"wpb_column vc_column_container vc_col-sm-12\"><div class=\"vc_column-inner\"><div class=\"wpb_wrapper\"><div id=\"red-fancybox-1553008841560-c65f5abd-c4c5\" class=\"red-fancybox animated-wrap layout-7 clearfix\" >\n                                <div class=\"red-fancy-img\">\n                <img width=\"236\" height=\"77\" src=\"https:\/\/femdominicana.org\/wp-content\/uploads\/2019\/03\/logo-profamilia.png\" class=\"red-fancybox-img abc attachment-medium\" alt=\"\" loading=\"lazy\" \/>            <\/div>\n                <div class=\"red-fancy-content\" style=\"\">\n                            <h3 class=\"red-fancy-title\" style=\"\">\n                                        <a href=\"https:\/\/profamilia.org.do\/\" title=\"Read more\" target=\"_blank\" style=\"\">\n                                        Profamilia                                        <\/a>\n                                    <\/h3>\n                        \n                        <div class=\"red-fancy-desc\" style=\"\">\n                Es una instituci\u00f3n no gubernamental, pionera en servicios de salud sexual y salud reproductiva, fundada el 14 de marzo de 1966 con el prop\u00f3sito de promocionar y educar sobre la importancia de la planificaci\u00f3n familiar y hacer posible el acceso a los m\u00e9todos anticonceptivos.            <\/div>\n                                    <div class=\"red-fancy-footer\">\n                <a href=\"https:\/\/profamilia.org.do\/\" title=\"Read more\" target=\"_blank\" class=\"btn btn-default\">\n                Read more                <\/a>\n            <\/div>\n                    <\/div>\n        \n<\/div><\/div><\/div><\/div><\/div><div class=\"vc_row-full-width vc_clearfix\"><\/div><div data-vc-full-width=\"true\" data-vc-full-width-init=\"false\" class=\"vc_row wpb_row vc_row-fluid vc_custom_1569077454864 vc_row-has-fill\"><div class=\"bg_overlay\" style=\"background-color:rgba(0,0,0,0.15)\"><\/div><div class=\"wpb_column vc_column_container vc_col-sm-12 vc_col-lg-offset-2 vc_col-lg-8 vc_col-md-offset-2 vc_col-md-8\"><div class=\"vc_column-inner\"><div class=\"wpb_wrapper\"><div class=\"red-heading vc_custom_1552658458520 layout-default text-center\"><h2 class=\"heading\" style=\"font-size: 45px;color: #ffffff;line-height: 50px;letter-spacing:-0.06em\"><span class=\"style1\" style=\"color:#ffffff\">\u00danete a la <\/span> <span class=\"style1 primary-color\"> Comunidad <\/span> <span class=\"style1\" style=\"color:#ffffff\">FEM<\/span> <\/h2><\/div>\n\t<div class=\"wpb_text_column wpb_content_element  vc_custom_1552659123150 fem-medfontsize\">\n\t\t<div class=\"wpb_wrapper\" style=\"font-size:18px;line-height:26px;letter-spacing:-0.02em\">\n\t\t\t<p style=\"text-align: center;color: #fff\">Nuestros socios son esenciales para nuestro trabajo. Buscamos y aceptamos socios interesados \u200b\u200ben apoyar, colaborar y hacer avanzar nuestro programa.<\/p>\n\n\t\t<\/div>\n\t<\/div>\n    <div class=\"red-button-wrapper text-center d-block\">\n        <a class=\"btn  vc_custom_1554995210306  red-scroll\" href=\"\/es\/contact\/\" title=\"\u00danete a nosotros\" target=\"_self\">                <span>\u00danete a nosotros<\/span>            <\/a>    <\/div>\n<\/div><\/div><\/div><\/div><div class=\"vc_row-full-width vc_clearfix\"><\/div>","protected":false},"excerpt":{"rendered":"Profamilia Is the leading non-governmental organization for sexual and reproductive health in the Dominican Republic. It was founded the 14 of March 1966 with the mission to promote and educate on the importance of family","protected":false},"author":1,"featured_media":0,"parent":0,"menu_order":4,"comment_status":"closed","ping_status":"closed","template":"","meta":{"ngg_post_thumbnail":0},"_links":{"self":[{"href":"https:\/\/femdominicana.org\/es\/wp-json\/wp\/v2\/pages\/1776"}],"collection":[{"href":"https:\/\/femdominicana.org\/es\/wp-json\/wp\/v2\/pages"}],"about":[{"href":"https:\/\/femdominicana.org\/es\/wp-json\/wp\/v2\/types\/page"}],"author":[{"embeddable":true,"href":"https:\/\/femdominicana.org\/es\/wp-json\/wp\/v2\/users\/1"}],"replies":[{"embeddable":true,"href":"https:\/\/femdominicana.org\/es\/wp-json\/wp\/v2\/comments?post=1776"}],"version-history":[{"count":6,"href":"https:\/\/femdominicana.org\/es\/wp-json\/wp\/v2\/pages\/1776\/revisions"}],"predecessor-version":[{"id":2167,"href":"https:\/\/femdominicana.org\/es\/wp-json\/wp\/v2\/pages\/1776\/revisions\/2167"}],"wp:attachment":[{"href":"https:\/\/femdominicana.org\/es\/wp-json\/wp\/v2\/media?parent=1776"}],"curies":[{"name":"wp","href":"https:\/\/api.w.org\/{rel}","templated":true}]}}